{"id":490,"date":"2019-10-11T09:16:16","date_gmt":"2019-10-11T07:16:16","guid":{"rendered":"https:\/\/sunprotect.es\/politica-privacidad\/"},"modified":"2020-01-14T10:48:23","modified_gmt":"2020-01-14T09:48:23","slug":"politique-de-confidentialite","status":"publish","type":"page","link":"https:\/\/sunprotect.es\/fr\/politique-de-confidentialite\/","title":{"rendered":"Politique de confidentialit\u00e9"},"content":{"rendered":"[et_pb_section admin_label=\u00a0\u00bbsection\u00a0\u00bb]\n\t\t[et_pb_row admin_label=\u00a0\u00bbrow\u00a0\u00bb]\n\t\t\t[et_pb_column type=\u00a0\u00bb4_4&Prime;][et_pb_text admin_label=\u00a0\u00bbText\u00a0\u00bb]\n<h2>Qui sommes nous<\/h2>\n\n\n\n<p>L&rsquo;adresse de notre site web est: http:\/\/sunprotect.es.<\/p>\n\n\n\n<h2>Quelles donn\u00e9es personnelles nous recueillons et pourquoi nous les recueillons<\/h2>\n\n\n\n<h3>Commentaires<\/h3>\n\n\n\n<p>Lorsque les visiteurs laissent des commentaires sur le Web, nous collectons les donn\u00e9es figurant dans le formulaire de commentaire, ainsi que l&rsquo;adresse IP du visiteur et la cha\u00eene d&rsquo;agent utilisateur du navigateur, afin de faciliter la d\u00e9tection du courrier ind\u00e9sirable..<\/p>\n\n\n\n<p>Une cha\u00eene anonyme cr\u00e9\u00e9e \u00e0 partir de votre adresse \u00e9lectronique (\u00e9galement appel\u00e9e hash) peut \u00eatre fournie au service Gravatar pour voir si vous l&rsquo;utilisez. La politique de confidentialit\u00e9 du service Gravatar est disponible ici: https:\/\/automattic.com\/privacy\/. Apr\u00e8s l\u2019approbation de votre commentaire, l\u2019image de votre profil est visible au public dans le contexte de votre commentaire.<\/p>\n\n\n\n<h3>M\u00e9dias<\/h3>\n\n\n\n<p>Si vous t\u00e9l\u00e9chargez des images sur le Web, \u00e9vitez de les t\u00e9l\u00e9charger avec des donn\u00e9es de localisation (GPS EXIF) incluses. Les visiteurs Web peuvent t\u00e9l\u00e9charger et extraire toutes les donn\u00e9es de localisation des images Web.<\/p>\n\n\n\n<h3>Formulaire de contact<\/h3>\n\n\n\n<h3>Cookies<\/h3>\n\n\n\n<p>Si vous laissez un commentaire sur notre site, vous pouvez choisir d&rsquo;enregistrer votre nom, votre adresse email et votre site web dans les cookies. Ceci pour votre commodit\u00e9, vous \u00e9vitant ainsi de saisir vos donn\u00e9es lorsque vous laissez un autre commentaire. Ces cookies dureront un an.<\/p>\n\n\n\n<p>Si vous avez un compte et que vous vous connectez \u00e0 ce site, nous installerons un cookie temporaire pour d\u00e9terminer si votre navigateur accepte les cookies. Ce cookie ne contient pas de donn\u00e9es personnelles et est supprim\u00e9 \u00e0 la fermeture du navigateur.<\/p>\n\n\n\n<p>Lors de votre connexion, nous installerons \u00e9galement plusieurs cookies pour enregistrer vos informations de connexion et vos options d\u2019affichage \u00e0 l\u2019\u00e9cran. Les cookies de connexion durent deux jours et les cookies d\u2019option \u00e9cran, un an. Si vous s\u00e9lectionnez \u00ab\u00a0Remember Me\u00a0\u00bb, votre connexion durera deux semaines. Si vous quittez votre compte, les cookies de connexion seront supprim\u00e9s.<\/p>\n\n\n\n<p>Si vous \u00e9ditez ou publiez un article, un cookie suppl\u00e9mentaire sera enregistr\u00e9 dans votre navigateur. Ce cookie n&rsquo;inclut pas de donn\u00e9es personnelles et indique simplement l&rsquo;ID de l&rsquo;article que vous venez de modifier. Il expire apr\u00e8s 1 jour.<\/p>\n\n\n\n<h3>Contenu int\u00e9gr\u00e9 provenant d&rsquo;autres sites Web<\/h3>\n\n\n\n<p>Les articles sur ce site peuvent inclure du contenu incorpor\u00e9 (par exemple, des vid\u00e9os, des images, des articles, etc.). Le contenu int\u00e9gr\u00e9 d&rsquo;autres sites Web se comporte exactement comme si le visiteur avait visit\u00e9 l&rsquo;autre site Web.<\/p>\n\n\n\n<p>Ces sites Web peuvent collecter des donn\u00e9es \u00e0 votre sujet, utiliser des cookies, int\u00e9grer un suivi tiers suppl\u00e9mentaire et surveiller votre interaction avec ce contenu int\u00e9gr\u00e9, notamment en suivant votre interaction avec le contenu int\u00e9gr\u00e9 si vous avez un compte et \u00eates connect\u00e9 \u00e0 ce site Web.<\/p>\n\n\n\n<h3>Analytique<\/h3>\n\n\n\n<h2>Avec qui nous partageons vos donn\u00e9es<\/h2>\n\n\n\n<h2>Combien de temps gardons-nous vos donn\u00e9es?<\/h2>\n\n\n\n<p>Si vous laissez un commentaire, le commentaire et ses m\u00e9tadonn\u00e9es sont conserv\u00e9s ind\u00e9finiment. Cela permet de reconna\u00eetre et d&rsquo;approuver automatiquement les commentaires successifs au lieu de les conserver dans une file d&rsquo;attente de mod\u00e9ration.<\/p>\n\n\n\n<p>Parmi les utilisateurs qui s&rsquo;inscrivent sur notre site Web (le cas \u00e9ch\u00e9ant), nous conservons \u00e9galement les informations personnelles qu&rsquo;ils fournissent dans leur profil d&rsquo;utilisateur. Tous les utilisateurs peuvent consulter, modifier ou supprimer leurs informations personnelles \u00e0 tout moment (sauf qu&rsquo;ils ne peuvent pas changer leur nom d&rsquo;utilisateur). Les administrateurs Web peuvent \u00e9galement afficher et modifier ces informations.<\/p>\n\n\n\n<h2>Quels droits avez-vous sur vos donn\u00e9es<\/h2>\n\n\n\n<p>Si vous avez un compte ou avez laiss\u00e9 des commentaires sur ce site, vous pouvez demander \u00e0 recevoir un fichier d\u2019exportation contenant les donn\u00e9es personnelles que nous avons sur vous, y compris les informations que vous avez fournies. Vous pouvez \u00e9galement demander que nous supprimions toutes les informations personnelles dont nous disposons sur vous. Cela n&rsquo;inclut pas les donn\u00e9es que nous sommes tenus de conserver \u00e0 des fins administratives, juridiques ou de s\u00e9curit\u00e9.<\/p>\n\n\n\n<h2>O\u00f9 nous envoyons vos donn\u00e9es<\/h2>\n\n\n\n<p>Les commentaires des visiteurs peuvent \u00eatre examin\u00e9s par un service de d\u00e9tection automatique du spam.<\/p>\n\n\n\n<h2>Vos coordonn\u00e9es<\/h2>\n\n\n\n<h2>Information compl\u00e9mentaire<\/h2>\n\n\n\n<h3>Comment prot\u00e9geons-nous vos donn\u00e9es?<\/h3>\n\n\n\n<h3>Quelles proc\u00e9dures nous utilisons contre les violations de donn\u00e9es<\/h3>\n\n\n\n<h3>De quels tiers recevons-nous les donn\u00e9es?<\/h3>\n\n\n\n<h3>Quel type de prise de d\u00e9cision automatis\u00e9e et\/ou de profilage utilisons-nous avec les donn\u00e9es utilisateur?<\/h3>\n\n\n\n<h3>Exigences r\u00e9glementaires pour la divulgation d&rsquo;informations sectorielles<\/h3>\n[\/et_pb_text][\/et_pb_column]\n\t\t[\/et_pb_row]\n\t[\/et_pb_section]","protected":false},"excerpt":{"rendered":"<p>[et_pb_section admin_label=\u00a0\u00bbsection\u00a0\u00bb] [et_pb_row admin_label=\u00a0\u00bbrow\u00a0\u00bb] [et_pb_column type=\u00a0\u00bb4_4&Prime;][et_pb_text admin_label=\u00a0\u00bbText\u00a0\u00bb] Qui sommes nous L&rsquo;adresse de notre site web est: http:\/\/sunprotect.es. Quelles donn\u00e9es personnelles nous recueillons et pourquoi nous les recueillons Commentaires Lorsque les visiteurs laissent des commentaires sur le Web, nous collectons les donn\u00e9es figurant dans le formulaire de commentaire, ainsi que l&rsquo;adresse IP du visiteur et la [&hellip;]<\/p>\n","protected":false},"author":3,"featured_media":0,"parent":0,"menu_order":0,"comment_status":"closed","ping_status":"open","template":"","meta":{"_et_pb_use_builder":"on","_et_pb_old_content":"<!-- wp:heading -->\n<h2>Qui sommes nous<\/h2>\n<!-- \/wp:heading -->\n\n<!-- wp:paragraph -->\n<p>L'adresse de notre site web est: http:\/\/sunprotect.es.<\/p>\n<!-- \/wp:paragraph -->\n\n<!-- wp:heading -->\n<h2>Quelles donn\u00e9es personnelles nous recueillons et pourquoi nous les recueillons<\/h2>\n<!-- \/wp:heading -->\n\n<!-- wp:heading {\"level\":3} -->\n<h3>Commentaires<\/h3>\n<!-- \/wp:heading -->\n\n<!-- wp:paragraph -->\n<p>Lorsque les visiteurs laissent des commentaires sur le Web, nous collectons les donn\u00e9es figurant dans le formulaire de commentaire, ainsi que l'adresse IP du visiteur et la cha\u00eene d'agent utilisateur du navigateur, afin de faciliter la d\u00e9tection du courrier ind\u00e9sirable..<\/p>\n<!-- \/wp:paragraph -->\n\n<!-- wp:paragraph -->\n<p>Une cha\u00eene anonyme cr\u00e9\u00e9e \u00e0 partir de votre adresse \u00e9lectronique (\u00e9galement appel\u00e9e hash) peut \u00eatre fournie au service Gravatar pour voir si vous l'utilisez. La politique de confidentialit\u00e9 du service Gravatar est disponible ici: https:\/\/automattic.com\/privacy\/. Apr\u00e8s l\u2019approbation de votre commentaire, l\u2019image de votre profil est visible au public dans le contexte de votre commentaire.<\/p>\n<!-- \/wp:paragraph -->\n\n<!-- wp:heading {\"level\":3} -->\n<h3>M\u00e9dias<\/h3>\n<!-- \/wp:heading -->\n\n<!-- wp:paragraph -->\n<p>Si vous t\u00e9l\u00e9chargez des images sur le Web, \u00e9vitez de les t\u00e9l\u00e9charger avec des donn\u00e9es de localisation (GPS EXIF) incluses. Les visiteurs Web peuvent t\u00e9l\u00e9charger et extraire toutes les donn\u00e9es de localisation des images Web.<\/p>\n<!-- \/wp:paragraph -->\n\n<!-- wp:heading {\"level\":3} -->\n<h3>Formulaire de contact<\/h3>\n<!-- \/wp:heading -->\n\n<!-- wp:heading {\"level\":3} -->\n<h3>Cookies<\/h3>\n<!-- \/wp:heading -->\n\n<!-- wp:paragraph -->\n<p>Si vous laissez un commentaire sur notre site, vous pouvez choisir d'enregistrer votre nom, votre adresse email et votre site web dans les cookies. Ceci pour votre commodit\u00e9, vous \u00e9vitant ainsi de saisir vos donn\u00e9es lorsque vous laissez un autre commentaire. Ces cookies dureront un an.<\/p>\n<!-- \/wp:paragraph -->\n\n<!-- wp:paragraph -->\n<p>Si vous avez un compte et que vous vous connectez \u00e0 ce site, nous installerons un cookie temporaire pour d\u00e9terminer si votre navigateur accepte les cookies. Ce cookie ne contient pas de donn\u00e9es personnelles et est supprim\u00e9 \u00e0 la fermeture du navigateur.<\/p>\n<!-- \/wp:paragraph -->\n\n<!-- wp:paragraph -->\n<p>Lors de votre connexion, nous installerons \u00e9galement plusieurs cookies pour enregistrer vos informations de connexion et vos options d\u2019affichage \u00e0 l\u2019\u00e9cran. Les cookies de connexion durent deux jours et les cookies d\u2019option \u00e9cran, un an. Si vous s\u00e9lectionnez \"Remember Me\", votre connexion durera deux semaines. Si vous quittez votre compte, les cookies de connexion seront supprim\u00e9s.<\/p>\n<!-- \/wp:paragraph -->\n\n<!-- wp:paragraph -->\n<p>Si vous \u00e9ditez ou publiez un article, un cookie suppl\u00e9mentaire sera enregistr\u00e9 dans votre navigateur. Ce cookie n'inclut pas de donn\u00e9es personnelles et indique simplement l'ID de l'article que vous venez de modifier. Il expire apr\u00e8s 1 jour.<\/p>\n<!-- \/wp:paragraph -->\n\n<!-- wp:heading {\"level\":3} -->\n<h3>Contenu int\u00e9gr\u00e9 provenant d'autres sites Web<\/h3>\n<!-- \/wp:heading -->\n\n<!-- wp:paragraph -->\n<p>Les articles sur ce site peuvent inclure du contenu incorpor\u00e9 (par exemple, des vid\u00e9os, des images, des articles, etc.). Le contenu int\u00e9gr\u00e9 d'autres sites Web se comporte exactement comme si le visiteur avait visit\u00e9 l'autre site Web.<\/p>\n<!-- \/wp:paragraph -->\n\n<!-- wp:paragraph -->\n<p>Ces sites Web peuvent collecter des donn\u00e9es \u00e0 votre sujet, utiliser des cookies, int\u00e9grer un suivi tiers suppl\u00e9mentaire et surveiller votre interaction avec ce contenu int\u00e9gr\u00e9, notamment en suivant votre interaction avec le contenu int\u00e9gr\u00e9 si vous avez un compte et \u00eates connect\u00e9 \u00e0 ce site Web.<\/p>\n<!-- \/wp:paragraph -->\n\n<!-- wp:heading {\"level\":3} -->\n<h3>Analytique<\/h3>\n<!-- \/wp:heading -->\n\n<!-- wp:heading -->\n<h2>Avec qui nous partageons vos donn\u00e9es<\/h2>\n<!-- \/wp:heading -->\n\n<!-- wp:heading -->\n<h2>Combien de temps gardons-nous vos donn\u00e9es?<\/h2>\n<!-- \/wp:heading -->\n\n<!-- wp:paragraph -->\n<p>Si vous laissez un commentaire, le commentaire et ses m\u00e9tadonn\u00e9es sont conserv\u00e9s ind\u00e9finiment. Cela permet de reconna\u00eetre et d'approuver automatiquement les commentaires successifs au lieu de les conserver dans une file d'attente de mod\u00e9ration.<\/p>\n<!-- \/wp:paragraph -->\n\n<!-- wp:paragraph -->\n<p>Parmi les utilisateurs qui s'inscrivent sur notre site Web (le cas \u00e9ch\u00e9ant), nous conservons \u00e9galement les informations personnelles qu'ils fournissent dans leur profil d'utilisateur. Tous les utilisateurs peuvent consulter, modifier ou supprimer leurs informations personnelles \u00e0 tout moment (sauf qu'ils ne peuvent pas changer leur nom d'utilisateur). Les administrateurs Web peuvent \u00e9galement afficher et modifier ces informations.<\/p>\n<!-- \/wp:paragraph -->\n\n<!-- wp:heading -->\n<h2>Quels droits avez-vous sur vos donn\u00e9es<\/h2>\n<!-- \/wp:heading -->\n\n<!-- wp:paragraph -->\n<p>Si vous avez un compte ou avez laiss\u00e9 des commentaires sur ce site, vous pouvez demander \u00e0 recevoir un fichier d\u2019exportation contenant les donn\u00e9es personnelles que nous avons sur vous, y compris les informations que vous avez fournies. Vous pouvez \u00e9galement demander que nous supprimions toutes les informations personnelles dont nous disposons sur vous. Cela n'inclut pas les donn\u00e9es que nous sommes tenus de conserver \u00e0 des fins administratives, juridiques ou de s\u00e9curit\u00e9.<\/p>\n<!-- \/wp:paragraph -->\n\n<!-- wp:heading -->\n<h2>O\u00f9 nous envoyons vos donn\u00e9es<\/h2>\n<!-- \/wp:heading -->\n\n<!-- wp:paragraph -->\n<p>Les commentaires des visiteurs peuvent \u00eatre examin\u00e9s par un service de d\u00e9tection automatique du spam.<\/p>\n<!-- \/wp:paragraph -->\n\n<!-- wp:heading -->\n<h2>Vos coordonn\u00e9es<\/h2>\n<!-- \/wp:heading -->\n\n<!-- wp:heading -->\n<h2>Information compl\u00e9mentaire<\/h2>\n<!-- \/wp:heading -->\n\n<!-- wp:heading {\"level\":3} -->\n<h3>Comment prot\u00e9geons-nous vos donn\u00e9es?<\/h3>\n<!-- \/wp:heading -->\n\n<!-- wp:heading {\"level\":3} -->\n<h3>Quelles proc\u00e9dures nous utilisons contre les violations de donn\u00e9es<\/h3>\n<!-- \/wp:heading -->\n\n<!-- wp:heading {\"level\":3} -->\n<h3>De quels tiers recevons-nous les donn\u00e9es?<\/h3>\n<!-- \/wp:heading -->\n\n<!-- wp:heading {\"level\":3} -->\n<h3>Quel type de prise de d\u00e9cision automatis\u00e9e et\/ou de profilage utilisons-nous avec les donn\u00e9es utilisateur?<\/h3>\n<!-- \/wp:heading -->\n\n<!-- wp:heading {\"level\":3} -->\n<h3>Exigences r\u00e9glementaires pour la divulgation d'informations sectorielles<\/h3>\n<!-- \/wp:heading -->","_et_gb_content_width":""},"yoast_head":"<!-- This site is optimized with the Yoast SEO plugin v18.4.1 - https:\/\/yoast.com\/wordpress\/plugins\/seo\/ -->\n<title>Politique de confidentialit\u00e9 - Sunprotect<\/title>\n<meta name=\"robots\" content=\"noindex, nofollow\" \/>\n<meta property=\"og:locale\" content=\"fr_FR\" \/>\n<meta property=\"og:type\" content=\"article\" \/>\n<meta property=\"og:title\" content=\"Politique de confidentialit\u00e9 - Sunprotect\" \/>\n<meta property=\"og:description\" content=\"[et_pb_section admin_label=\u00a0\u00bbsection\u00a0\u00bb] [et_pb_row admin_label=\u00a0\u00bbrow\u00a0\u00bb] [et_pb_column type=\u00a0\u00bb4_4&Prime;][et_pb_text admin_label=\u00a0\u00bbText\u00a0\u00bb] Qui sommes nous L&rsquo;adresse de notre site web est: http:\/\/sunprotect.es. Quelles donn\u00e9es personnelles nous recueillons et pourquoi nous les recueillons Commentaires Lorsque les visiteurs laissent des commentaires sur le Web, nous collectons les donn\u00e9es figurant dans le formulaire de commentaire, ainsi que l&rsquo;adresse IP du visiteur et la [&hellip;]\" \/>\n<meta property=\"og:url\" content=\"https:\/\/sunprotect.es\/fr\/politique-de-confidentialite\/\" \/>\n<meta property=\"og:site_name\" content=\"Sunprotect\" \/>\n<meta property=\"article:modified_time\" content=\"2020-01-14T09:48:23+00:00\" \/>\n<meta name=\"twitter:card\" content=\"summary_large_image\" \/>\n<meta name=\"twitter:label1\" content=\"Dur\u00e9e de lecture estim\u00e9e\" \/>\n\t<meta name=\"twitter:data1\" content=\"4 minutes\" \/>\n<script type=\"application\/ld+json\" class=\"yoast-schema-graph\">{\"@context\":\"https:\/\/schema.org\",\"@graph\":[{\"@type\":\"WebSite\",\"@id\":\"https:\/\/sunprotect.es\/#website\",\"url\":\"https:\/\/sunprotect.es\/\",\"name\":\"Sunprotect\",\"description\":\"Enjoy the sun\",\"potentialAction\":[{\"@type\":\"SearchAction\",\"target\":{\"@type\":\"EntryPoint\",\"urlTemplate\":\"https:\/\/sunprotect.es\/?s={search_term_string}\"},\"query-input\":\"required name=search_term_string\"}],\"inLanguage\":\"fr-FR\"},{\"@type\":\"WebPage\",\"@id\":\"https:\/\/sunprotect.es\/fr\/politique-de-confidentialite\/#webpage\",\"url\":\"https:\/\/sunprotect.es\/fr\/politique-de-confidentialite\/\",\"name\":\"Politique de confidentialit\u00e9 - Sunprotect\",\"isPartOf\":{\"@id\":\"https:\/\/sunprotect.es\/#website\"},\"datePublished\":\"2019-10-11T07:16:16+00:00\",\"dateModified\":\"2020-01-14T09:48:23+00:00\",\"breadcrumb\":{\"@id\":\"https:\/\/sunprotect.es\/fr\/politique-de-confidentialite\/#breadcrumb\"},\"inLanguage\":\"fr-FR\",\"potentialAction\":[{\"@type\":\"ReadAction\",\"target\":[\"https:\/\/sunprotect.es\/fr\/politique-de-confidentialite\/\"]}]},{\"@type\":\"BreadcrumbList\",\"@id\":\"https:\/\/sunprotect.es\/fr\/politique-de-confidentialite\/#breadcrumb\",\"itemListElement\":[{\"@type\":\"ListItem\",\"position\":1,\"name\":\"Portada\",\"item\":\"https:\/\/sunprotect.es\/\"},{\"@type\":\"ListItem\",\"position\":2,\"name\":\"Politique de confidentialit\u00e9\"}]}]}<\/script>\n<!-- \/ Yoast SEO plugin. -->","yoast_head_json":{"title":"Politique de confidentialit\u00e9 - Sunprotect","robots":{"index":"noindex","follow":"nofollow"},"og_locale":"fr_FR","og_type":"article","og_title":"Politique de confidentialit\u00e9 - Sunprotect","og_description":"[et_pb_section admin_label=\u00a0\u00bbsection\u00a0\u00bb] [et_pb_row admin_label=\u00a0\u00bbrow\u00a0\u00bb] [et_pb_column type=\u00a0\u00bb4_4&Prime;][et_pb_text admin_label=\u00a0\u00bbText\u00a0\u00bb] Qui sommes nous L&rsquo;adresse de notre site web est: http:\/\/sunprotect.es. Quelles donn\u00e9es personnelles nous recueillons et pourquoi nous les recueillons Commentaires Lorsque les visiteurs laissent des commentaires sur le Web, nous collectons les donn\u00e9es figurant dans le formulaire de commentaire, ainsi que l&rsquo;adresse IP du visiteur et la [&hellip;]","og_url":"https:\/\/sunprotect.es\/fr\/politique-de-confidentialite\/","og_site_name":"Sunprotect","article_modified_time":"2020-01-14T09:48:23+00:00","twitter_card":"summary_large_image","twitter_misc":{"Dur\u00e9e de lecture estim\u00e9e":"4 minutes"},"schema":{"@context":"https:\/\/schema.org","@graph":[{"@type":"WebSite","@id":"https:\/\/sunprotect.es\/#website","url":"https:\/\/sunprotect.es\/","name":"Sunprotect","description":"Enjoy the sun","potentialAction":[{"@type":"SearchAction","target":{"@type":"EntryPoint","urlTemplate":"https:\/\/sunprotect.es\/?s={search_term_string}"},"query-input":"required name=search_term_string"}],"inLanguage":"fr-FR"},{"@type":"WebPage","@id":"https:\/\/sunprotect.es\/fr\/politique-de-confidentialite\/#webpage","url":"https:\/\/sunprotect.es\/fr\/politique-de-confidentialite\/","name":"Politique de confidentialit\u00e9 - Sunprotect","isPartOf":{"@id":"https:\/\/sunprotect.es\/#website"},"datePublished":"2019-10-11T07:16:16+00:00","dateModified":"2020-01-14T09:48:23+00:00","breadcrumb":{"@id":"https:\/\/sunprotect.es\/fr\/politique-de-confidentialite\/#breadcrumb"},"inLanguage":"fr-FR","potentialAction":[{"@type":"ReadAction","target":["https:\/\/sunprotect.es\/fr\/politique-de-confidentialite\/"]}]},{"@type":"BreadcrumbList","@id":"https:\/\/sunprotect.es\/fr\/politique-de-confidentialite\/#breadcrumb","itemListElement":[{"@type":"ListItem","position":1,"name":"Portada","item":"https:\/\/sunprotect.es\/"},{"@type":"ListItem","position":2,"name":"Politique de confidentialit\u00e9"}]}]}},"_links":{"self":[{"href":"https:\/\/sunprotect.es\/fr\/wp-json\/wp\/v2\/pages\/490"}],"collection":[{"href":"https:\/\/sunprotect.es\/fr\/wp-json\/wp\/v2\/pages"}],"about":[{"href":"https:\/\/sunprotect.es\/fr\/wp-json\/wp\/v2\/types\/page"}],"author":[{"embeddable":true,"href":"https:\/\/sunprotect.es\/fr\/wp-json\/wp\/v2\/users\/3"}],"replies":[{"embeddable":true,"href":"https:\/\/sunprotect.es\/fr\/wp-json\/wp\/v2\/comments?post=490"}],"version-history":[{"count":2,"href":"https:\/\/sunprotect.es\/fr\/wp-json\/wp\/v2\/pages\/490\/revisions"}],"predecessor-version":[{"id":530,"href":"https:\/\/sunprotect.es\/fr\/wp-json\/wp\/v2\/pages\/490\/revisions\/530"}],"wp:attachment":[{"href":"https:\/\/sunprotect.es\/fr\/wp-json\/wp\/v2\/media?parent=490"}],"curies":[{"name":"wp","href":"https:\/\/api.w.org\/{rel}","templated":true}]}}